{"id":525,"date":"2018-05-29T19:52:38","date_gmt":"2018-05-29T18:52:38","guid":{"rendered":"http:\/\/www.studio-aesthetik.de\/?page_id=525"},"modified":"2025-06-05T07:55:03","modified_gmt":"2025-06-05T06:55:03","slug":"permanet-make-up","status":"publish","type":"page","link":"https:\/\/www.studio-aesthetik.de\/?page_id=525","title":{"rendered":"Permanent Make-up"},"content":{"rendered":"<div id=\"container\">\n<div id=\"main\">\n<div id=\"content\" class=\"hfeed\">\n<article id=\"post-377\" class=\"hentry page publish post-1 odd author-sebjus\">\n<div class=\"entry-content\">\n<p dir=\"ltr\"><a href=\"http:\/\/www.studio-aesthetik.de\/wordpress\/wp-content\/uploads\/2018\/05\/Justyna-Bilas.png\"><img decoding=\"async\" loading=\"lazy\" class=\"alignnone wp-image-545\" src=\"http:\/\/www.studio-aesthetik.de\/wordpress\/wp-content\/uploads\/2018\/05\/Justyna-Bilas-300x206.png\" alt=\"\" width=\"222\" height=\"152\" srcset=\"https:\/\/www.studio-aesthetik.de\/wordpress\/wp-content\/uploads\/2018\/05\/Justyna-Bilas-300x206.png 300w, https:\/\/www.studio-aesthetik.de\/wordpress\/wp-content\/uploads\/2018\/05\/Justyna-Bilas-768x528.png 768w, https:\/\/www.studio-aesthetik.de\/wordpress\/wp-content\/uploads\/2018\/05\/Justyna-Bilas-1024x704.png 1024w\" sizes=\"(max-width: 222px) 100vw, 222px\" \/><\/a><\/p>\n<p dir=\"ltr\"><span style=\"font-size: 14pt; font-family: Lucida\\ Sans\\ Unicode, Lucida\\ Grande, sans-serif;\"><strong>Permanent Make-up Preise<br \/>\n<\/strong><\/span><\/p>\n<p dir=\"ltr\"><span style=\"font-size: 14pt; font-family: Lucida\\ Sans\\ Unicode, Lucida\\ Grande, sans-serif;\"><strong>Wimpernkranzverdichtung oben Erstbehandlung 150\u20ac, Nachbehandlung nach 3 bis 5 Wochen 100\u20ac<\/strong><\/span><\/p>\n<p dir=\"ltr\"><span style=\"font-size: 14pt; font-family: Lucida\\ Sans\\ Unicode, Lucida\\ Grande, sans-serif;\"><strong>Wimpernkranzverdichtung unten Erstbehandlung 120\u20ac, Nachbehandlung nach 3 bis 5 Wochen 80\u20ac<\/strong><\/span><\/p>\n<p dir=\"ltr\"><span style=\"font-size: 14pt; font-family: Lucida\\ Sans\\ Unicode, Lucida\\ Grande, sans-serif;\"><strong>Liedstrich oben Erstbehandlung 280\u20ac, Nachbehandlung nach 3 bis 5 Wochen 100\u20ac<\/strong><\/span><\/p>\n<p dir=\"ltr\"><span style=\"font-family: Lucida Sans Unicode, Lucida Grande, sans-serif; font-size: 14pt;\"><strong>Liedstrich mit Shading 300\u20ac<\/strong><\/span><\/p>\n<p dir=\"ltr\"><span style=\"font-size: 14pt; font-family: Lucida\\ Sans\\ Unicode, Lucida\\ Grande, sans-serif;\"><strong>Lippenkontur &amp; Vollschattierung Erstbehandlung 350\u20ac, Nachbehandlung nach 3 bis 5 Wochen 120\u20ac<\/strong><\/span><\/p>\n<p><span style=\"font-family: Lucida\\ Sans\\ Unicode, Lucida\\ Grande, sans-serif; font-size: 14pt;\">Jeder Tages- und Nachtzeit perfekt geformte Augenbrauen, ein zarter Lidstrich, leicht rosige Lippen. Kein blasser Teint am Morgen, kein Abschminken am Abend.<\/span><\/p>\n<p><span style=\"font-family: Lucida\\ Sans\\ Unicode, Lucida\\ Grande, sans-serif; font-size: 14pt;\">Permanent Make-Up ist eine kosmetische T\u00e4towierung im Gesicht. Hierbei werden feine Farbpigmente mit Hilfe von hauchd\u00fcnnen N\u00e4delchen in die oberste Hautschicht mikroimplantiert. Die Nadel dringt hierbei weniger als eineinhalb Millimeter tief in die Haut ein und hebt sich somit deutlich von einem richtigen Tattoo ab, bei welchem die Farbe bis in die zweite Hautschicht gestochen wird. Dadurch h\u00e4lt ein Permanent Make-Up anders als ein Tattoo nicht lebenslang, sondern muss nach sp\u00e4testens f\u00fcnf Jahren nachpigmentiert werden.<\/span><\/p>\n<p><span style=\"font-family: Lucida\\ Sans\\ Unicode, Lucida\\ Grande, sans-serif; font-size: 14pt;\">Permanent Make-up kann lichte Augenbrauen verdichten, schmalen Lippen durch neue Konturen mehr Volumen verleihen oder sie sch\u00f6ner nachzeichnen, Augenform verbessern, Wimpernkranz verdichten, Narben kaschieren oder ein h\u00fcbsches Muttermal geschickt platzieren.<\/span><\/p>\n<\/div>\n<\/article>\n<\/div>\n<\/div>\n<\/div>\n","protected":false},"excerpt":{"rendered":"<p>Permanent Make-up Preise Wimpernkranzverdichtung oben Erstbehandlung 150\u20ac, Nachbehandlung nach 3 bis 5 Wochen 100\u20ac Wimpernkranzverdichtung unten Erstbehandlung 120\u20ac, Nachbehandlung nach 3 bis 5 Wochen 80\u20ac Liedstrich oben Erstbehandlung 280\u20ac, Nachbehandlung nach 3 bis 5 Wochen 100\u20ac Liedstrich mit Shading 300\u20ac Lippenkontur &amp; Vollschattierung Erstbehandlung 350\u20ac, Nachbehandlung nach 3 bis 5 Wochen 120\u20ac Jeder Tages- und<a class=\"moretag\" href=\"https:\/\/www.studio-aesthetik.de\/?page_id=525\"> Read the full article&#8230;<\/a><\/p>\n","protected":false},"author":1,"featured_media":0,"parent":0,"menu_order":0,"comment_status":"closed","ping_status":"closed","template":"","meta":[],"_links":{"self":[{"href":"https:\/\/www.studio-aesthetik.de\/index.php?rest_route=\/wp\/v2\/pages\/525"}],"collection":[{"href":"https:\/\/www.studio-aesthetik.de\/index.php?rest_route=\/wp\/v2\/pages"}],"about":[{"href":"https:\/\/www.studio-aesthetik.de\/index.php?rest_route=\/wp\/v2\/types\/page"}],"author":[{"embeddable":true,"href":"https:\/\/www.studio-aesthetik.de\/index.php?rest_route=\/wp\/v2\/users\/1"}],"replies":[{"embeddable":true,"href":"https:\/\/www.studio-aesthetik.de\/index.php?rest_route=%2Fwp%2Fv2%2Fcomments&post=525"}],"version-history":[{"count":15,"href":"https:\/\/www.studio-aesthetik.de\/index.php?rest_route=\/wp\/v2\/pages\/525\/revisions"}],"predecessor-version":[{"id":632,"href":"https:\/\/www.studio-aesthetik.de\/index.php?rest_route=\/wp\/v2\/pages\/525\/revisions\/632"}],"wp:attachment":[{"href":"https:\/\/www.studio-aesthetik.de\/index.php?rest_route=%2Fwp%2Fv2%2Fmedia&parent=525"}],"curies":[{"name":"wp","href":"https:\/\/api.w.org\/{rel}","templated":true}]}}