{"id":509,"date":"2018-02-13T09:15:48","date_gmt":"2018-02-13T08:15:48","guid":{"rendered":"http:\/\/www.studio-aesthetik.de\/?page_id=509"},"modified":"2018-05-29T21:22:05","modified_gmt":"2018-05-29T20:22:05","slug":"phiremoval","status":"publish","type":"page","link":"https:\/\/www.studio-aesthetik.de\/?page_id=509","title":{"rendered":"PhiRemoval"},"content":{"rendered":"<p><a href=\"http:\/\/www.studio-aesthetik.de\/wordpress\/wp-content\/uploads\/2018\/02\/Justyna-Bilas1.png\"><img decoding=\"async\" loading=\"lazy\" class=\"alignnone wp-image-549\" src=\"http:\/\/www.studio-aesthetik.de\/wordpress\/wp-content\/uploads\/2018\/02\/Justyna-Bilas1-300x225.png\" alt=\"\" width=\"195\" height=\"146\" srcset=\"https:\/\/www.studio-aesthetik.de\/wordpress\/wp-content\/uploads\/2018\/02\/Justyna-Bilas1-300x225.png 300w, https:\/\/www.studio-aesthetik.de\/wordpress\/wp-content\/uploads\/2018\/02\/Justyna-Bilas1-768x576.png 768w, https:\/\/www.studio-aesthetik.de\/wordpress\/wp-content\/uploads\/2018\/02\/Justyna-Bilas1-1024x768.png 1024w\" sizes=\"(max-width: 195px) 100vw, 195px\" \/><\/a><\/p>\n<p><span style=\"font-size: 14pt;\"><strong><span style=\"font-family: Lucida\\ Sans\\ Unicode, Lucida\\ Grande, sans-serif;\">PhiRemoval ist eine neue und sichere Methode zur Entfernung von nicht mehr erw\u00fcnschtem Permanent Make-up, Microblading oder kleineren T\u00e4towierungen von schlechter Qualit\u00e4t.<\/span><\/strong><\/span><br \/>\n<span style=\"font-size: 14pt;\"><strong><span style=\"font-family: Lucida\\ Sans\\ Unicode, Lucida\\ Grande, sans-serif;\"> Kein Lasern<\/span><\/strong><\/span><\/p>\n<p><span style=\"font-family: Lucida\\ Sans\\ Unicode, Lucida\\ Grande, sans-serif;\"><strong>Preise<\/strong><\/span><\/p>\n<p><span style=\"font-family: Lucida\\ Sans\\ Unicode, Lucida\\ Grande, sans-serif;\">Augen \/ Augenbrauen \/Lippen<\/span><\/p>\n<p><span style=\"font-family: Lucida\\ Sans\\ Unicode, Lucida\\ Grande, sans-serif;\">Erste Sitzung: 120,- \u20ac<\/span><\/p>\n<p><span style=\"font-family: Lucida\\ Sans\\ Unicode, Lucida\\ Grande, sans-serif;\">Zweite Sitzung: 100,- \u20ac<\/span><\/p>\n<p><span style=\"font-family: Lucida\\ Sans\\ Unicode, Lucida\\ Grande, sans-serif;\">Dritte Sitzung: 80,- \u20ac<\/span><\/p>\n<p><span style=\"font-family: Lucida\\ Sans\\ Unicode, Lucida\\ Grande, sans-serif;\">Vierte Sitzung: 60,- \u20ac<\/span><\/p>\n<p><span style=\"font-family: Lucida\\ Sans\\ Unicode, Lucida\\ Grande, sans-serif;\"><strong>Tattoos<\/strong><\/span><\/p>\n<p><span style=\"font-family: Lucida\\ Sans\\ Unicode, Lucida\\ Grande, sans-serif;\">Erste Sitzung: 120,- bis 150,- \u20ac<\/span><\/p>\n<p><span style=\"font-family: Lucida\\ Sans\\ Unicode, Lucida\\ Grande, sans-serif;\">Zweite Sitzung: 100,- bis 120,- \u20ac<\/span><\/p>\n<p><span style=\"font-family: Lucida\\ Sans\\ Unicode, Lucida\\ Grande, sans-serif;\">Dritte Sitzung: 80,- bis 100,- \u20ac<\/span><\/p>\n<p><span style=\"font-family: Lucida\\ Sans\\ Unicode, Lucida\\ Grande, sans-serif;\">Vierte Sitzung: 60,- bis 80,- \u20ac<\/span><\/p>\n<p>&nbsp;<\/p>\n","protected":false},"excerpt":{"rendered":"<p>PhiRemoval ist eine neue und sichere Methode zur Entfernung von nicht mehr erw\u00fcnschtem Permanent Make-up, Microblading oder kleineren T\u00e4towierungen von schlechter Qualit\u00e4t. Kein Lasern Preise Augen \/ Augenbrauen \/Lippen Erste Sitzung: 120,- \u20ac Zweite Sitzung: 100,- \u20ac Dritte Sitzung: 80,- \u20ac Vierte Sitzung: 60,- \u20ac Tattoos Erste Sitzung: 120,- bis 150,- \u20ac Zweite Sitzung: 100,-<a class=\"moretag\" href=\"https:\/\/www.studio-aesthetik.de\/?page_id=509\"> Read the full article&#8230;<\/a><\/p>\n","protected":false},"author":1,"featured_media":0,"parent":0,"menu_order":0,"comment_status":"closed","ping_status":"closed","template":"","meta":[],"_links":{"self":[{"href":"https:\/\/www.studio-aesthetik.de\/index.php?rest_route=\/wp\/v2\/pages\/509"}],"collection":[{"href":"https:\/\/www.studio-aesthetik.de\/index.php?rest_route=\/wp\/v2\/pages"}],"about":[{"href":"https:\/\/www.studio-aesthetik.de\/index.php?rest_route=\/wp\/v2\/types\/page"}],"author":[{"embeddable":true,"href":"https:\/\/www.studio-aesthetik.de\/index.php?rest_route=\/wp\/v2\/users\/1"}],"replies":[{"embeddable":true,"href":"https:\/\/www.studio-aesthetik.de\/index.php?rest_route=%2Fwp%2Fv2%2Fcomments&post=509"}],"version-history":[{"count":6,"href":"https:\/\/www.studio-aesthetik.de\/index.php?rest_route=\/wp\/v2\/pages\/509\/revisions"}],"predecessor-version":[{"id":553,"href":"https:\/\/www.studio-aesthetik.de\/index.php?rest_route=\/wp\/v2\/pages\/509\/revisions\/553"}],"wp:attachment":[{"href":"https:\/\/www.studio-aesthetik.de\/index.php?rest_route=%2Fwp%2Fv2%2Fmedia&parent=509"}],"curies":[{"name":"wp","href":"https:\/\/api.w.org\/{rel}","templated":true}]}}