{"id":40,"date":"2014-09-09T21:18:54","date_gmt":"2014-09-09T19:18:54","guid":{"rendered":"http:\/\/www.studio-aesthetik.de\/?page_id=40"},"modified":"2023-01-22T14:45:28","modified_gmt":"2023-01-22T13:45:28","slug":"home","status":"publish","type":"page","link":"https:\/\/www.studio-aesthetik.de\/","title":{"rendered":"Home"},"content":{"rendered":"<p><a href=\"http:\/\/www.studio-aesthetik.de\/wordpress\/wp-content\/uploads\/2014\/11\/Binella_medical_beauty.jpg\"><img decoding=\"async\" loading=\"lazy\" class=\"alignnone wp-image-236\" src=\"http:\/\/www.studio-aesthetik.de\/wordpress\/wp-content\/uploads\/2014\/11\/Binella_medical_beauty-300x131.jpg\" alt=\"Druck\" width=\"96\" height=\"42\" srcset=\"https:\/\/www.studio-aesthetik.de\/wordpress\/wp-content\/uploads\/2014\/11\/Binella_medical_beauty-300x131.jpg 300w, https:\/\/www.studio-aesthetik.de\/wordpress\/wp-content\/uploads\/2014\/11\/Binella_medical_beauty.jpg 800w\" sizes=\"(max-width: 96px) 100vw, 96px\" \/><\/a><\/p>\n<p><a href=\"http:\/\/www.studio-aesthetik.de\/wordpress\/wp-content\/uploads\/2016\/02\/Justyna-Bilas.png\"><img decoding=\"async\" loading=\"lazy\" class=\"alignnone wp-image-541 \" src=\"http:\/\/www.studio-aesthetik.de\/wordpress\/wp-content\/uploads\/2016\/02\/Justyna-Bilas-300x225.png\" alt=\"\" width=\"133\" height=\"100\" srcset=\"https:\/\/www.studio-aesthetik.de\/wordpress\/wp-content\/uploads\/2016\/02\/Justyna-Bilas-300x225.png 300w, https:\/\/www.studio-aesthetik.de\/wordpress\/wp-content\/uploads\/2016\/02\/Justyna-Bilas-768x576.png 768w, https:\/\/www.studio-aesthetik.de\/wordpress\/wp-content\/uploads\/2016\/02\/Justyna-Bilas-1024x768.png 1024w, https:\/\/www.studio-aesthetik.de\/wordpress\/wp-content\/uploads\/2016\/02\/Justyna-Bilas.png 2000w\" sizes=\"(max-width: 133px) 100vw, 133px\" \/><\/a><a href=\"http:\/\/www.studio-aesthetik.de\/wordpress\/wp-content\/uploads\/2018\/02\/Justyna-Bilas1.png\"><img decoding=\"async\" loading=\"lazy\" class=\"alignnone wp-image-549\" src=\"http:\/\/www.studio-aesthetik.de\/wordpress\/wp-content\/uploads\/2018\/02\/Justyna-Bilas1-300x225.png\" alt=\"\" width=\"135\" height=\"102\" srcset=\"https:\/\/www.studio-aesthetik.de\/wordpress\/wp-content\/uploads\/2018\/02\/Justyna-Bilas1-300x225.png 300w, https:\/\/www.studio-aesthetik.de\/wordpress\/wp-content\/uploads\/2018\/02\/Justyna-Bilas1-768x576.png 768w, https:\/\/www.studio-aesthetik.de\/wordpress\/wp-content\/uploads\/2018\/02\/Justyna-Bilas1-1024x768.png 1024w\" sizes=\"(max-width: 135px) 100vw, 135px\" \/><\/a><a href=\"http:\/\/www.studio-aesthetik.de\/wordpress\/wp-content\/uploads\/2018\/05\/Justyna-Bilas.png\"><img decoding=\"async\" loading=\"lazy\" class=\"alignnone wp-image-545\" src=\"http:\/\/www.studio-aesthetik.de\/wordpress\/wp-content\/uploads\/2018\/05\/Justyna-Bilas-300x206.png\" alt=\"\" width=\"147\" height=\"101\" srcset=\"https:\/\/www.studio-aesthetik.de\/wordpress\/wp-content\/uploads\/2018\/05\/Justyna-Bilas-300x206.png 300w, https:\/\/www.studio-aesthetik.de\/wordpress\/wp-content\/uploads\/2018\/05\/Justyna-Bilas-768x528.png 768w, https:\/\/www.studio-aesthetik.de\/wordpress\/wp-content\/uploads\/2018\/05\/Justyna-Bilas-1024x704.png 1024w\" sizes=\"(max-width: 147px) 100vw, 147px\" \/><\/a><\/p>\n<p><span style=\"font-family: Lucida Sans Unicode,Lucida Grande,sans-serif; font-size: 14pt;\">Ich hei\u00dfe Sie auf meiner Seite herzlich willkommen!<\/span><br \/>\n<span style=\"font-family: Lucida Sans Unicode,Lucida Grande,sans-serif; font-size: 14pt;\"> Studio-\u00c4sthetik steht f\u00fcr Perfektion und Extravaganz.<\/span><br \/>\n<span style=\"font-family: Lucida Sans Unicode,Lucida Grande,sans-serif; font-size: 14pt;\"> Mein Kosmetikinstitut in Solingen bietet Ihnen<\/span><br \/>\n<span style=\"font-family: Lucida Sans Unicode,Lucida Grande,sans-serif; font-size: 14pt;\"> Behandlungen rund um Ihre Sch\u00f6nheit und Kosmetik.<\/span><br \/>\n<span style=\"font-family: Lucida Sans Unicode,Lucida Grande,sans-serif; font-size: 14pt;\"> G\u00f6nnen Sie sich die Zeit, um eine Weile dem<\/span><br \/>\n<span style=\"font-family: Lucida Sans Unicode,Lucida Grande,sans-serif; font-size: 14pt;\"> stressigen Alltag zu entfliehen und vollkommene<\/span><br \/>\n<span style=\"font-family: Lucida Sans Unicode,Lucida Grande,sans-serif; font-size: 14pt;\"> Entspannung zu erleben.<\/span><\/p>\n<p><span style=\"font-family: Lucida Sans Unicode,Lucida Grande,sans-serif; font-size: 14pt;\">Auf Ihren Besuch freue ich mich!<\/span><\/p>\n<p><span style=\"font-family: Lucida Sans Unicode,Lucida Grande,sans-serif; font-size: 14pt;\">Justyna Bilas<\/span><\/p>\n<p>&nbsp;<\/p>\n<p><strong><span class=\"bold_groesser\" style=\"font-family: Lucida Sans Unicode,Lucida Grande,sans-serif;\">F\u00fcr Sie und Ihn: <\/span><\/strong><\/p>\n<ul>\n<li><strong><span style=\"font-family: Lucida Sans Unicode,Lucida Grande,sans-serif;\">Microblading<\/span><\/strong><\/li>\n<li><span style=\"font-family: Lucida\\ Sans\\ Unicode, Lucida\\ Grande, sans-serif;\"><strong>Permanent Make-up<\/strong><\/span><\/li>\n<li><span style=\"font-family: Lucida\\ Sans\\ Unicode, Lucida\\ Grande, sans-serif;\"><strong>Permanent Make-up \/ Tattoo Entfernung<\/strong><\/span><\/li>\n<li><strong><span style=\"font-family: Lucida Sans Unicode,Lucida Grande,sans-serif;\">Kosmetik-Behandlungen<\/span><\/strong><\/li>\n<li><strong><span style=\"font-family: Lucida Sans Unicode,Lucida Grande,sans-serif;\">Wimpernverl\u00e4ngerung\/-verdichtung<\/span><\/strong><\/li>\n<\/ul>\n","protected":false},"excerpt":{"rendered":"<p>Ich hei\u00dfe Sie auf meiner Seite herzlich willkommen! Studio-\u00c4sthetik steht f\u00fcr Perfektion und Extravaganz. Mein Kosmetikinstitut in Solingen bietet Ihnen Behandlungen rund um Ihre Sch\u00f6nheit und Kosmetik. G\u00f6nnen Sie sich die Zeit, um eine Weile dem stressigen Alltag zu entfliehen und vollkommene Entspannung zu erleben. Auf Ihren Besuch freue ich mich! Justyna Bilas &nbsp; F\u00fcr<a class=\"moretag\" href=\"https:\/\/www.studio-aesthetik.de\/\"> Read the full article&#8230;<\/a><\/p>\n","protected":false},"author":1,"featured_media":0,"parent":0,"menu_order":0,"comment_status":"closed","ping_status":"closed","template":"","meta":[],"_links":{"self":[{"href":"https:\/\/www.studio-aesthetik.de\/index.php?rest_route=\/wp\/v2\/pages\/40"}],"collection":[{"href":"https:\/\/www.studio-aesthetik.de\/index.php?rest_route=\/wp\/v2\/pages"}],"about":[{"href":"https:\/\/www.studio-aesthetik.de\/index.php?rest_route=\/wp\/v2\/types\/page"}],"author":[{"embeddable":true,"href":"https:\/\/www.studio-aesthetik.de\/index.php?rest_route=\/wp\/v2\/users\/1"}],"replies":[{"embeddable":true,"href":"https:\/\/www.studio-aesthetik.de\/index.php?rest_route=%2Fwp%2Fv2%2Fcomments&post=40"}],"version-history":[{"count":34,"href":"https:\/\/www.studio-aesthetik.de\/index.php?rest_route=\/wp\/v2\/pages\/40\/revisions"}],"predecessor-version":[{"id":620,"href":"https:\/\/www.studio-aesthetik.de\/index.php?rest_route=\/wp\/v2\/pages\/40\/revisions\/620"}],"wp:attachment":[{"href":"https:\/\/www.studio-aesthetik.de\/index.php?rest_route=%2Fwp%2Fv2%2Fmedia&parent=40"}],"curies":[{"name":"wp","href":"https:\/\/api.w.org\/{rel}","templated":true}]}}