{"id":377,"date":"2016-02-01T21:59:17","date_gmt":"2016-02-01T20:59:17","guid":{"rendered":"http:\/\/www.studio-aesthetik.de\/?page_id=377"},"modified":"2025-06-05T07:29:24","modified_gmt":"2025-06-05T06:29:24","slug":"microblading","status":"publish","type":"page","link":"https:\/\/www.studio-aesthetik.de\/?page_id=377","title":{"rendered":"Microblading"},"content":{"rendered":"<p dir=\"ltr\"><a href=\"http:\/\/www.studio-aesthetik.de\/wordpress\/wp-content\/uploads\/2016\/02\/Justyna-Bilas.png\"><img decoding=\"async\" loading=\"lazy\" class=\"alignnone wp-image-541 \" src=\"http:\/\/www.studio-aesthetik.de\/wordpress\/wp-content\/uploads\/2016\/02\/Justyna-Bilas-300x225.png\" alt=\"\" width=\"202\" height=\"152\" srcset=\"https:\/\/www.studio-aesthetik.de\/wordpress\/wp-content\/uploads\/2016\/02\/Justyna-Bilas-300x225.png 300w, https:\/\/www.studio-aesthetik.de\/wordpress\/wp-content\/uploads\/2016\/02\/Justyna-Bilas-768x576.png 768w, https:\/\/www.studio-aesthetik.de\/wordpress\/wp-content\/uploads\/2016\/02\/Justyna-Bilas-1024x768.png 1024w, https:\/\/www.studio-aesthetik.de\/wordpress\/wp-content\/uploads\/2016\/02\/Justyna-Bilas.png 2000w\" sizes=\"(max-width: 202px) 100vw, 202px\" \/><\/a><\/p>\n<p dir=\"ltr\"><span style=\"font-size: 14pt;\"><span style=\"font-family: Lucida\\ Sans\\ Unicode, Lucida\\ Grande, sans-serif;\"><strong>Microblading Preis <\/strong><\/span><\/span><\/p>\n<p dir=\"ltr\"><span style=\"font-size: 14pt; font-family: Lucida Sans Unicode,Lucida Grande,sans-serif;\"><strong><span style=\"font-size: 14pt;\">Erstbehandlung 320\u20ac, Nachbehandlung nach 4 bis 10 Wochen 120\u20ac<\/span><br \/>\n<\/strong><\/span><\/p>\n<p dir=\"ltr\"><span style=\"font-size: 14pt; font-family: Lucida Sans Unicode,Lucida Grande,sans-serif;\">Microblading ist eine alternative Methode zum etablierten\u00a0Permanent Make Up. Sie wird \u00fcberwiegend f\u00fcr die Augenbrauen-H\u00e4rchenzeichnung verwendet, wobei Farbpigmente dauerhaft in die Haut gearbeitet werden.<\/span><\/p>\n<p><span style=\"font-size: 14pt; font-family: Lucida Sans Unicode,Lucida Grande,sans-serif;\">Der Unterschied zu Permanent Make Up liegt darin, dass beim Microblading keine Maschine zum Einsatz kommt. Die Farbe wird manuell in die Haut pigmentiert. Wie bei dem Handst\u00fcck des maschinellen PMU, erh\u00e4lt das Microblading Handst\u00fcck steril verpackte Blades (im \u201eslope\u201c Stil in U-Form oder ansteigend). Damit gleitet man mit sanften Druck \u00fcber die Haut und es ensteht ein feiner Schnitt. Der Schnitt ist so fein, dass man die gezeichneten H\u00e4rchen kaum von den Echten unterscheiden kann.<\/span><\/p>\n<p><span style=\"font-size: 14pt; font-family: Lucida Sans Unicode,Lucida Grande,sans-serif;\">Je nach Zeichentechnik entsteht f\u00fcr jede Augenbraue ein individueller Look. Sogenannte HD &amp; 3D Augenbrauen \u00a0lassen nicht vermuten, dass es sich um ein Permanent Make Up handelt. Microblading\u00a0kommt urspr\u00fcnglich aus dem asiatischen Raum und gewinnt derzeit weltweit an Popularit\u00e4t.<\/span><\/p>\n<p><span style=\"font-size: 14pt; font-family: Lucida Sans Unicode,Lucida Grande,sans-serif;\">Microblading\u00a0ist ideal f\u00fcr alle, die die Optik ihrer Augenbrauen verbessern m\u00f6chten. Die Ergebnisse wirken sehr nat\u00fcrlich, unabh\u00e4ngig von der Menge der eigenen H\u00e4rchen. Menschen, die unter Alopezia leiden oder nach einer \u00fcberstandenen Chemotherapie jegliche H\u00e4rchen verloren haben, profitieren besonders von dieser Technik. Nat\u00fcrlich ist es auch von Nutzen f\u00fcr Alljene, die einfach nicht gl\u00fccklich sind mit dem Erscheinungsbild ihrer Augenbrauen. \u00a0<\/span><\/p>\n","protected":false},"excerpt":{"rendered":"<p>Microblading Preis Erstbehandlung 320\u20ac, Nachbehandlung nach 4 bis 10 Wochen 120\u20ac Microblading ist eine alternative Methode zum etablierten\u00a0Permanent Make Up. Sie wird \u00fcberwiegend f\u00fcr die Augenbrauen-H\u00e4rchenzeichnung verwendet, wobei Farbpigmente dauerhaft in die Haut gearbeitet werden. Der Unterschied zu Permanent Make Up liegt darin, dass beim Microblading keine Maschine zum Einsatz kommt. Die Farbe wird manuell<a class=\"moretag\" href=\"https:\/\/www.studio-aesthetik.de\/?page_id=377\"> Read the full article&#8230;<\/a><\/p>\n","protected":false},"author":1,"featured_media":0,"parent":0,"menu_order":0,"comment_status":"closed","ping_status":"closed","template":"","meta":[],"_links":{"self":[{"href":"https:\/\/www.studio-aesthetik.de\/index.php?rest_route=\/wp\/v2\/pages\/377"}],"collection":[{"href":"https:\/\/www.studio-aesthetik.de\/index.php?rest_route=\/wp\/v2\/pages"}],"about":[{"href":"https:\/\/www.studio-aesthetik.de\/index.php?rest_route=\/wp\/v2\/types\/page"}],"author":[{"embeddable":true,"href":"https:\/\/www.studio-aesthetik.de\/index.php?rest_route=\/wp\/v2\/users\/1"}],"replies":[{"embeddable":true,"href":"https:\/\/www.studio-aesthetik.de\/index.php?rest_route=%2Fwp%2Fv2%2Fcomments&post=377"}],"version-history":[{"count":21,"href":"https:\/\/www.studio-aesthetik.de\/index.php?rest_route=\/wp\/v2\/pages\/377\/revisions"}],"predecessor-version":[{"id":622,"href":"https:\/\/www.studio-aesthetik.de\/index.php?rest_route=\/wp\/v2\/pages\/377\/revisions\/622"}],"wp:attachment":[{"href":"https:\/\/www.studio-aesthetik.de\/index.php?rest_route=%2Fwp%2Fv2%2Fmedia&parent=377"}],"curies":[{"name":"wp","href":"https:\/\/api.w.org\/{rel}","templated":true}]}}